{"id":173,"date":"2022-05-05T13:10:13","date_gmt":"2022-05-05T13:10:13","guid":{"rendered":"https:\/\/timeless-perspective.com\/?page_id=173"},"modified":"2022-05-11T15:37:58","modified_gmt":"2022-05-11T15:37:58","slug":"politica-de-cookies","status":"publish","type":"page","link":"https:\/\/timeless-perspective.com\/es\/politica-de-cookies\/","title":{"rendered":"Pol\u00edtica de cookies"},"content":{"rendered":"<div data-elementor-type=\"wp-page\" data-elementor-id=\"173\" class=\"elementor elementor-173\">\n\t\t\t\t\t\t\t\t\t<section class=\"elementor-section elementor-top-section elementor-element elementor-element-16788ede elementor-section-boxed elementor-section-height-default elementor-section-height-default\" data-id=\"16788ede\" data-element_type=\"section\" data-settings=\"{&quot;jet_parallax_layout_list&quot;:[]}\">\n\t\t\t\t\t\t<div class=\"elementor-container elementor-column-gap-default\">\n\t\t\t\t\t<div class=\"elementor-column elementor-col-100 elementor-top-column elementor-element elementor-element-5f7540d5\" data-id=\"5f7540d5\" data-element_type=\"column\">\n\t\t\t<div class=\"elementor-widget-wrap elementor-element-populated\">\n\t\t\t\t\t\t\t\t<div class=\"elementor-element elementor-element-d4f9edf elementor-widget elementor-widget-heading\" data-id=\"d4f9edf\" data-element_type=\"widget\" data-widget_type=\"heading.default\">\n\t\t\t\t<div class=\"elementor-widget-container\">\n\t\t\t<style>\/*! elementor - v3.9.2 - 21-12-2022 *\/\n.elementor-heading-title{padding:0;margin:0;line-height:1}.elementor-widget-heading .elementor-heading-title[class*=elementor-size-]>a{color:inherit;font-size:inherit;line-height:inherit}.elementor-widget-heading .elementor-heading-title.elementor-size-small{font-size:15px}.elementor-widget-heading .elementor-heading-title.elementor-size-medium{font-size:19px}.elementor-widget-heading .elementor-heading-title.elementor-size-large{font-size:29px}.elementor-widget-heading .elementor-heading-title.elementor-size-xl{font-size:39px}.elementor-widget-heading .elementor-heading-title.elementor-size-xxl{font-size:59px}<\/style><div class=\"elementor-heading-title elementor-size-default\">Pol\u00edtica de cookies <\/div>\t\t<\/div>\n\t\t\t\t<\/div>\n\t\t\t\t<div class=\"elementor-element elementor-element-c04fda3 elementor-widget elementor-widget-text-editor\" data-id=\"c04fda3\" data-element_type=\"widget\" data-widget_type=\"text-editor.default\">\n\t\t\t\t<div class=\"elementor-widget-container\">\n\t\t\t<style>\/*! elementor - v3.9.2 - 21-12-2022 *\/\n.elementor-widget-text-editor.elementor-drop-cap-view-stacked .elementor-drop-cap{background-color:#818a91;color:#fff}.elementor-widget-text-editor.elementor-drop-cap-view-framed .elementor-drop-cap{color:#818a91;border:3px solid;background-color:transparent}.elementor-widget-text-editor:not(.elementor-drop-cap-view-default) .elementor-drop-cap{margin-top:8px}.elementor-widget-text-editor:not(.elementor-drop-cap-view-default) .elementor-drop-cap-letter{width:1em;height:1em}.elementor-widget-text-editor .elementor-drop-cap{float:left;text-align:center;line-height:1;font-size:50px}.elementor-widget-text-editor .elementor-drop-cap-letter{display:inline-block}<\/style>\t\t\t\t<p>Este site utiliza cookies e tecnologias semelhantes para fornecer o servi\u00e7o, bem como permitir-nos melhor\u00e1-lo, atrav\u00e9s da obten\u00e7\u00e3o de estat\u00edsticas sobre a sua utiliza\u00e7\u00e3o, entre outros fins.<\/p>\n<p>A navega\u00e7\u00e3o neste site implica necessariamente a utiliza\u00e7\u00e3o de cookies e tecnologias semelhantes, desde que seja necess\u00e1rio para o seu funcionamento. Al\u00e9m disso, para determinados fins, cookies e armazenamento local estar\u00e3o sujeitos ao seu consentimento. Voc\u00ea pode aceitar ou rejeitar cookies atrav\u00e9s do sistema de configura\u00e7\u00e3o estabelecido e tamb\u00e9m \u00e9 poss\u00edvel configurar o navegador para impedir o seu uso.<\/p>\n<p>Esta pol\u00edtica faz parte da nossa pol\u00edtica de privacidade e inclui o seguinte:<\/p>\n<ul>\n<li>O que s\u00e3o cookies?<\/li>\n<li>Para que s\u00e3o usados os cookies?<\/li>\n<li>O que entendemos por tecnologias semelhantes a cookies?<\/li>\n<li>O que s\u00e3o cookies de terceiros? Quem s\u00e3o os destinat\u00e1rios das informa\u00e7\u00f5es?<\/li>\n<li>Quais fun\u00e7\u00f5es e recursos de terceiros usamos em nosso site?<\/li>\n<li>Por quanto tempo os cookies ou tecnologias semelhantes est\u00e3o ativos?<\/li>\n<li>Usando navegadores com modo de navega\u00e7\u00e3o privada<\/li>\n<li>Como evitar o uso de cookies e como exclu\u00ed-los?<\/li>\n<\/ul>\t\t\t\t\t\t<\/div>\n\t\t\t\t<\/div>\n\t\t\t\t\t<\/div>\n\t\t<\/div>\n\t\t\t\t\t\t\t<\/div>\n\t\t<\/section>\n\t\t\t\t<section class=\"elementor-section elementor-top-section elementor-element elementor-element-b3c1b7c elementor-section-boxed elementor-section-height-default elementor-section-height-default\" data-id=\"b3c1b7c\" data-element_type=\"section\" data-settings=\"{&quot;jet_parallax_layout_list&quot;:[]}\">\n\t\t\t\t\t\t<div class=\"elementor-container elementor-column-gap-default\">\n\t\t\t\t\t<div class=\"elementor-column elementor-col-100 elementor-top-column elementor-element elementor-element-3878797\" data-id=\"3878797\" data-element_type=\"column\">\n\t\t\t<div class=\"elementor-widget-wrap elementor-element-populated\">\n\t\t\t\t\t\t\t\t<div class=\"elementor-element elementor-element-87808e1 elementor-widget elementor-widget-heading\" data-id=\"87808e1\" data-element_type=\"widget\" data-widget_type=\"heading.default\">\n\t\t\t\t<div class=\"elementor-widget-container\">\n\t\t\t<div class=\"elementor-heading-title elementor-size-default\">O que s\u00e3o cookies? <\/div>\t\t<\/div>\n\t\t\t\t<\/div>\n\t\t\t\t<div class=\"elementor-element elementor-element-9735845 elementor-widget elementor-widget-text-editor\" data-id=\"9735845\" data-element_type=\"widget\" data-widget_type=\"text-editor.default\">\n\t\t\t\t<div class=\"elementor-widget-container\">\n\t\t\t\t\t\t\t<p>&#8220;Cookies&#8221; s\u00e3o pequenos arquivos tempor\u00e1rios que s\u00e3o criados no dispositivo do usu\u00e1rio (computador, telefone, tablet, etc.) ao visitar um site, e que permitem armazenar ou recuperar informa\u00e7\u00f5es durante a navega\u00e7\u00e3o, por exemplo, para salvar suas prefer\u00eancias de uso ou para reconhec\u00ea-lo em visitas posteriores, bem como obter informa\u00e7\u00f5es sobre seus h\u00e1bitos de navega\u00e7\u00e3o. <br \/>Quando um site cria um cookie no dispositivo do usu\u00e1rio, o endere\u00e7o \/ dom\u00ednio do site que criou o cookie \u00e9 armazenado, a dura\u00e7\u00e3o do cookie, que pode variar de alguns minutos a v\u00e1rios anos, bem como o conte\u00fado do cookie. O usu\u00e1rio pode desabilitar os cookies a qualquer momento atrav\u00e9s do sistema de configura\u00e7\u00e3o deste site, bem como configurar seu programa de navega\u00e7\u00e3o para impedir (bloquear) o uso de cookies por determinados sites, bem como excluir os cookies previamente armazenados. <\/p>\t\t\t\t\t\t<\/div>\n\t\t\t\t<\/div>\n\t\t\t\t\t<\/div>\n\t\t<\/div>\n\t\t\t\t\t\t\t<\/div>\n\t\t<\/section>\n\t\t\t\t<section class=\"elementor-section elementor-top-section elementor-element elementor-element-8f6f1ba elementor-section-boxed elementor-section-height-default elementor-section-height-default\" data-id=\"8f6f1ba\" data-element_type=\"section\" data-settings=\"{&quot;jet_parallax_layout_list&quot;:[]}\">\n\t\t\t\t\t\t<div class=\"elementor-container elementor-column-gap-default\">\n\t\t\t\t\t<div class=\"elementor-column elementor-col-100 elementor-top-column elementor-element elementor-element-d653097\" data-id=\"d653097\" data-element_type=\"column\">\n\t\t\t<div class=\"elementor-widget-wrap elementor-element-populated\">\n\t\t\t\t\t\t\t\t<div class=\"elementor-element elementor-element-7fa4e44 elementor-widget elementor-widget-heading\" data-id=\"7fa4e44\" data-element_type=\"widget\" data-widget_type=\"heading.default\">\n\t\t\t\t<div class=\"elementor-widget-container\">\n\t\t\t<div class=\"elementor-heading-title elementor-size-default\">Para que s\u00e3o usados os cookies?<\/div>\t\t<\/div>\n\t\t\t\t<\/div>\n\t\t\t\t<div class=\"elementor-element elementor-element-31862b3 elementor-widget elementor-widget-text-editor\" data-id=\"31862b3\" data-element_type=\"widget\" data-widget_type=\"text-editor.default\">\n\t\t\t\t<div class=\"elementor-widget-container\">\n\t\t\t\t\t\t\t<p>Os usos ou prop\u00f3sitos mais comuns s\u00e3o:<\/p>\n<ul>\n<li>Cookies t\u00e9cnicos essenciais. Eles s\u00e3o usados para gerenciar o fluxo de navega\u00e7\u00e3o dentro da web ou para manter o usu\u00e1rio conectado a ela. Ao desabilit\u00e1-los, \u00e9 poss\u00edvel que alguma se\u00e7\u00e3o da web n\u00e3o funcione corretamente.<\/li>\n<li>Cookies de personaliza\u00e7\u00e3o. Necess\u00e1rio lembrar certas prefer\u00eancias do usu\u00e1rio.<\/li>\n<li>Cookies anal\u00edticos. Ajudam-nos a n\u00f3s e a terceiros na recolha de informa\u00e7\u00e3o sobre a origem dos utilizadores e a sua navega\u00e7\u00e3o na web, a fim de realizar uma an\u00e1lise estat\u00edstica com vista a melhorar a estrutura e o conte\u00fado.<\/li>\n<li>Cookies de publicidade. Usado para gerenciar os an\u00fancios que aparecem na web, decidir o conte\u00fado ou a frequ\u00eancia dos an\u00fancios.<\/li>\n<li>Cookies de publicidade comportamental. Ajudam a recolher os h\u00e1bitos de navega\u00e7\u00e3o do utilizador para criar um perfil dos seus interesses e apresentar an\u00fancios adaptados a eles.<\/li>\n<li>Cookies para compartilhamento social. S\u00e3o necess\u00e1rios para identificar o usu\u00e1rio em suas redes sociais e, assim, permitir que ele compartilhe conte\u00fado.<\/li>\n<\/ul>\t\t\t\t\t\t<\/div>\n\t\t\t\t<\/div>\n\t\t\t\t\t<\/div>\n\t\t<\/div>\n\t\t\t\t\t\t\t<\/div>\n\t\t<\/section>\n\t\t\t\t<section class=\"elementor-section elementor-top-section elementor-element elementor-element-7c1221e elementor-section-boxed elementor-section-height-default elementor-section-height-default\" data-id=\"7c1221e\" data-element_type=\"section\" data-settings=\"{&quot;jet_parallax_layout_list&quot;:[]}\">\n\t\t\t\t\t\t<div class=\"elementor-container elementor-column-gap-default\">\n\t\t\t\t\t<div class=\"elementor-column elementor-col-100 elementor-top-column elementor-element elementor-element-5bfbf73\" data-id=\"5bfbf73\" data-element_type=\"column\">\n\t\t\t<div class=\"elementor-widget-wrap elementor-element-populated\">\n\t\t\t\t\t\t\t\t<div class=\"elementor-element elementor-element-6efc8c9 elementor-widget elementor-widget-heading\" data-id=\"6efc8c9\" data-element_type=\"widget\" data-widget_type=\"heading.default\">\n\t\t\t\t<div class=\"elementor-widget-container\">\n\t\t\t<div class=\"elementor-heading-title elementor-size-default\">O que entendemos por tecnologias semelhantes a cookies?<\/div>\t\t<\/div>\n\t\t\t\t<\/div>\n\t\t\t\t<div class=\"elementor-element elementor-element-9d3d7d5 elementor-widget elementor-widget-text-editor\" data-id=\"9d3d7d5\" data-element_type=\"widget\" data-widget_type=\"text-editor.default\">\n\t\t\t\t<div class=\"elementor-widget-container\">\n\t\t\t\t\t\t\t<p>Tecnologias semelhantes s\u00e3o entendidas como qualquer tipo de mecanismo de armazenamento e recupera\u00e7\u00e3o de dados usado no dispositivo do usu\u00e1rio para obter informa\u00e7\u00f5es. Os mais comuns incluem:<\/p>\n<ul>\n<li>O armazenamento local do navegador. Alguns sites usam armazenamentos locais chamados \u201csessionStorage\u201d e \u201clocalStorage\u201d, bem como o banco de dados indexado do navegador, para armazenar informa\u00e7\u00f5es;<\/li>\n<li>Armazenamento local de plug-ins de navegador, como armazenamento Flash local (\u201cObjetos compartilhados locais Flash\u201d) ou armazenamento local Silverlight (\u201cObjetos isolados\u201d).<\/li>\n<li>O &#8220;web beacon&#8221; \u00e9 uma t\u00e9cnica de rastreamento que consiste em inserir em uma p\u00e1gina web (ou em um e-mail) uma imagem hospedada em um servidor de Internet para que, quando o navegador ou programa de e-mail se conecte a esse servidor, baixar e visualizar a imagem, a conex\u00e3o \u00e9 registrada. Isso permite saber se o usu\u00e1rio visualizou a p\u00e1gina web ou o e-mail. \u00c0s vezes, essa imagem \u00e9 muito pequena ou transparente, de modo que o usu\u00e1rio n\u00e3o sabe de sua exist\u00eancia.<\/li>\n<\/ul>\n<p>\u00a0<\/p>\n<p>As t\u00e9cnicas de &#8220;digital fingerprinting&#8221; que combinam as informa\u00e7\u00f5es obtidas no navegador ou no equipamento de navega\u00e7\u00e3o para distinguir um usu\u00e1rio em suas sucessivas visitas a diferentes sites. <\/p>\t\t\t\t\t\t<\/div>\n\t\t\t\t<\/div>\n\t\t\t\t\t<\/div>\n\t\t<\/div>\n\t\t\t\t\t\t\t<\/div>\n\t\t<\/section>\n\t\t\t\t<section class=\"elementor-section elementor-top-section elementor-element elementor-element-4afd331 elementor-section-boxed elementor-section-height-default elementor-section-height-default\" data-id=\"4afd331\" data-element_type=\"section\" data-settings=\"{&quot;jet_parallax_layout_list&quot;:[]}\">\n\t\t\t\t\t\t<div class=\"elementor-container elementor-column-gap-default\">\n\t\t\t\t\t<div class=\"elementor-column elementor-col-100 elementor-top-column elementor-element elementor-element-c72f64f\" data-id=\"c72f64f\" data-element_type=\"column\">\n\t\t\t<div class=\"elementor-widget-wrap elementor-element-populated\">\n\t\t\t\t\t\t\t\t<div class=\"elementor-element elementor-element-8948940 elementor-widget elementor-widget-heading\" data-id=\"8948940\" data-element_type=\"widget\" data-widget_type=\"heading.default\">\n\t\t\t\t<div class=\"elementor-widget-container\">\n\t\t\t<div class=\"elementor-heading-title elementor-size-default\">O que s\u00e3o cookies de terceiros? Quem s\u00e3o os destinat\u00e1rios das informa\u00e7\u00f5es?<\/div>\t\t<\/div>\n\t\t\t\t<\/div>\n\t\t\t\t<div class=\"elementor-element elementor-element-fca5d56 elementor-widget elementor-widget-text-editor\" data-id=\"fca5d56\" data-element_type=\"widget\" data-widget_type=\"text-editor.default\">\n\t\t\t\t<div class=\"elementor-widget-container\">\n\t\t\t\t\t\t\t<p>Os cookies neste site podem ser classificados, dependendo de quem os cria, em duas categorias:<\/p>\n<ul>\n<li>Cookies pr\u00f3prios: s\u00e3o criados e geridos a partir dos nossos sites e dom\u00ednios web, sendo as informa\u00e7\u00f5es obtidas geridas direta ou indiretamente por n\u00f3s para os nossos pr\u00f3prios fins.<\/li>\n<li>Cookies de terceiros: s\u00e3o cookies que s\u00e3o criados e gerenciados a partir de outros sites que, embora n\u00e3o estejam totalmente sob nosso controle, fornecem fun\u00e7\u00f5es e caracter\u00edsticas que decidimos incluir em nosso site, tais como: mapas interativos, v\u00eddeos e elementos multim\u00eddia, bot\u00f5es para compartilhar em redes sociais, an\u00fancios, etc. Esses cookies est\u00e3o sob o controle de terceiros que fornecem a fun\u00e7\u00e3o correspondente.<\/li>\n<\/ul>\n<p>\u00a0<\/p>\n<p>A grande maioria das fun\u00e7\u00f5es de terceiros envolve o acesso ou coleta de informa\u00e7\u00f5es (e o uso de cookies) pelo terceiro que fornece a fun\u00e7\u00e3o, com base em seus pr\u00f3prios crit\u00e9rios e finalidades, incluindo a coleta de h\u00e1bitos de navega\u00e7\u00e3o para mostrar a voc\u00ea publicidade personalizada. A se\u00e7\u00e3o a seguir indica as fun\u00e7\u00f5es e caracter\u00edsticas de terceiros usadas neste site.<\/p>\t\t\t\t\t\t<\/div>\n\t\t\t\t<\/div>\n\t\t\t\t\t<\/div>\n\t\t<\/div>\n\t\t\t\t\t\t\t<\/div>\n\t\t<\/section>\n\t\t\t\t<section class=\"elementor-section elementor-top-section elementor-element elementor-element-59aa5a9 elementor-section-boxed elementor-section-height-default elementor-section-height-default\" data-id=\"59aa5a9\" data-element_type=\"section\" data-settings=\"{&quot;jet_parallax_layout_list&quot;:[]}\">\n\t\t\t\t\t\t<div class=\"elementor-container elementor-column-gap-default\">\n\t\t\t\t\t<div class=\"elementor-column elementor-col-100 elementor-top-column elementor-element elementor-element-4df7871\" data-id=\"4df7871\" data-element_type=\"column\">\n\t\t\t<div class=\"elementor-widget-wrap elementor-element-populated\">\n\t\t\t\t\t\t\t\t<div class=\"elementor-element elementor-element-8a25893 elementor-widget elementor-widget-heading\" data-id=\"8a25893\" data-element_type=\"widget\" data-widget_type=\"heading.default\">\n\t\t\t\t<div class=\"elementor-widget-container\">\n\t\t\t<div class=\"elementor-heading-title elementor-size-default\">Quais fun\u00e7\u00f5es e recursos de terceiros usamos em nosso site?<\/div>\t\t<\/div>\n\t\t\t\t<\/div>\n\t\t\t\t<div class=\"elementor-element elementor-element-5428372 elementor-widget elementor-widget-text-editor\" data-id=\"5428372\" data-element_type=\"widget\" data-widget_type=\"text-editor.default\">\n\t\t\t\t<div class=\"elementor-widget-container\">\n\t\t\t\t\t\t\t<p>Inclu\u00edmos fun\u00e7\u00f5es de terceiros: an\u00e1lises, mapas, bot\u00f5es sociais, informa\u00e7\u00f5es sobre turismo, publicidade comportamental e outros. Algumas dessas fun\u00e7\u00f5es s\u00e3o fornecidas por terceiros localizados fora da Uni\u00e3o Europeia. <br \/>Para informa\u00e7\u00f5es mais detalhadas, incluindo prop\u00f3sitos e garantias, consulte a se\u00e7\u00e3o: lista de cookies. <\/p>\t\t\t\t\t\t<\/div>\n\t\t\t\t<\/div>\n\t\t\t\t\t<\/div>\n\t\t<\/div>\n\t\t\t\t\t\t\t<\/div>\n\t\t<\/section>\n\t\t\t\t<section class=\"elementor-section elementor-top-section elementor-element elementor-element-984031b elementor-section-boxed elementor-section-height-default elementor-section-height-default\" data-id=\"984031b\" data-element_type=\"section\" data-settings=\"{&quot;jet_parallax_layout_list&quot;:[]}\">\n\t\t\t\t\t\t<div class=\"elementor-container elementor-column-gap-default\">\n\t\t\t\t\t<div class=\"elementor-column elementor-col-100 elementor-top-column elementor-element elementor-element-d86490a\" data-id=\"d86490a\" data-element_type=\"column\">\n\t\t\t<div class=\"elementor-widget-wrap elementor-element-populated\">\n\t\t\t\t\t\t\t\t<div class=\"elementor-element elementor-element-84f5dd8 elementor-widget elementor-widget-heading\" data-id=\"84f5dd8\" data-element_type=\"widget\" data-widget_type=\"heading.default\">\n\t\t\t\t<div class=\"elementor-widget-container\">\n\t\t\t<div class=\"elementor-heading-title elementor-size-default\">Por quanto tempo os cookies ou tecnologias semelhantes est\u00e3o ativos?<\/div>\t\t<\/div>\n\t\t\t\t<\/div>\n\t\t\t\t<div class=\"elementor-element elementor-element-332920d elementor-widget elementor-widget-text-editor\" data-id=\"332920d\" data-element_type=\"widget\" data-widget_type=\"text-editor.default\">\n\t\t\t\t<div class=\"elementor-widget-container\">\n\t\t\t\t\t\t\t<p>Dependendo de sua perman\u00eancia ou tempo de atividade, podemos diferenciar entre:<\/p>\n<ul>\n<li>Cookies de sess\u00e3o tempor\u00e1ria; permanecem armazenados no equipamento de navega\u00e7\u00e3o at\u00e9 que o usu\u00e1rio saia da p\u00e1gina web; o navegador os exclui no final da sess\u00e3o de navega\u00e7\u00e3o.<\/li>\n<li>Cookies persistentes; eles permanecem no aparelho de navega\u00e7\u00e3o e a web os l\u00ea sempre que o usu\u00e1rio faz uma nova visita. Esses cookies s\u00e3o exclu\u00eddos automaticamente ap\u00f3s um determinado per\u00edodo de tempo, que pode ser curto ou muito longo.<\/li>\n<\/ul>\n<p>\u00a0<\/p>\n<p>Esta pol\u00edtica inclui informa\u00e7\u00f5es sobre a dura\u00e7\u00e3o dos cookies; para obter mais informa\u00e7\u00f5es, consulte nossa pol\u00edtica de privacidade, bem como as informa\u00e7\u00f5es fornecidas nas pol\u00edticas de privacidade de provedores de fun\u00e7\u00f5es da web terceirizados.<\/p>\n<p>Para informa\u00e7\u00f5es sobre a dura\u00e7\u00e3o dos cookies, consulte a se\u00e7\u00e3o: lista de cookies.<\/p>\t\t\t\t\t\t<\/div>\n\t\t\t\t<\/div>\n\t\t\t\t\t<\/div>\n\t\t<\/div>\n\t\t\t\t\t\t\t<\/div>\n\t\t<\/section>\n\t\t\t\t<section class=\"elementor-section elementor-top-section elementor-element elementor-element-780911b elementor-section-boxed elementor-section-height-default elementor-section-height-default\" data-id=\"780911b\" data-element_type=\"section\" data-settings=\"{&quot;jet_parallax_layout_list&quot;:[]}\">\n\t\t\t\t\t\t<div class=\"elementor-container elementor-column-gap-default\">\n\t\t\t\t\t<div class=\"elementor-column elementor-col-100 elementor-top-column elementor-element elementor-element-ec4fd82\" data-id=\"ec4fd82\" data-element_type=\"column\">\n\t\t\t<div class=\"elementor-widget-wrap elementor-element-populated\">\n\t\t\t\t\t\t\t\t<div class=\"elementor-element elementor-element-75b031c elementor-widget elementor-widget-heading\" data-id=\"75b031c\" data-element_type=\"widget\" data-widget_type=\"heading.default\">\n\t\t\t\t<div class=\"elementor-widget-container\">\n\t\t\t<div class=\"elementor-heading-title elementor-size-default\">Usando navegadores com modo de navega\u00e7\u00e3o privada<\/div>\t\t<\/div>\n\t\t\t\t<\/div>\n\t\t\t\t<div class=\"elementor-element elementor-element-b3939a5 elementor-widget elementor-widget-text-editor\" data-id=\"b3939a5\" data-element_type=\"widget\" data-widget_type=\"text-editor.default\">\n\t\t\t\t<div class=\"elementor-widget-container\">\n\t\t\t\t\t\t\t<p>Se voc\u00ea deseja usar este site com um maior grau de privacidade e limitando o armazenamento de cookies por longos per\u00edodos de tempo, recomendamos que voc\u00ea use um navegador que tenha uma op\u00e7\u00e3o de navega\u00e7\u00e3o &#8220;privada&#8221;. Voc\u00ea pode obter informa\u00e7\u00f5es sobre esta possibilidade nas p\u00e1ginas de ajuda do seu navegador.<\/p>\t\t\t\t\t\t<\/div>\n\t\t\t\t<\/div>\n\t\t\t\t\t<\/div>\n\t\t<\/div>\n\t\t\t\t\t\t\t<\/div>\n\t\t<\/section>\n\t\t\t\t<section class=\"elementor-section elementor-top-section elementor-element elementor-element-114e91a elementor-section-boxed elementor-section-height-default elementor-section-height-default\" data-id=\"114e91a\" data-element_type=\"section\" data-settings=\"{&quot;jet_parallax_layout_list&quot;:[]}\">\n\t\t\t\t\t\t<div class=\"elementor-container elementor-column-gap-default\">\n\t\t\t\t\t<div class=\"elementor-column elementor-col-100 elementor-top-column elementor-element elementor-element-daba93c\" data-id=\"daba93c\" data-element_type=\"column\">\n\t\t\t<div class=\"elementor-widget-wrap elementor-element-populated\">\n\t\t\t\t\t\t\t\t<div class=\"elementor-element elementor-element-c52ac01 elementor-widget elementor-widget-heading\" data-id=\"c52ac01\" data-element_type=\"widget\" data-widget_type=\"heading.default\">\n\t\t\t\t<div class=\"elementor-widget-container\">\n\t\t\t<div class=\"elementor-heading-title elementor-size-default\">Como evitar o uso de cookies e como exclu\u00ed-los?<\/div>\t\t<\/div>\n\t\t\t\t<\/div>\n\t\t\t\t<div class=\"elementor-element elementor-element-5c7bf48 elementor-widget elementor-widget-text-editor\" data-id=\"5c7bf48\" data-element_type=\"widget\" data-widget_type=\"text-editor.default\">\n\t\t\t\t<div class=\"elementor-widget-container\">\n\t\t\t\t\t\t\t<p>Voc\u00ea pode configurar suas prefer\u00eancias a qualquer momento atrav\u00e9s do sistema de configura\u00e7\u00e3o de cookies integrado neste site, voc\u00ea pode ativar \/ desativar o uso de cookies de acordo com seus prop\u00f3sitos.<\/p>\n<p>A maioria dos navegadores permite que voc\u00ea desative cookies globalmente. Muitos navegadores tamb\u00e9m permitem que voc\u00ea exclua os cookies associados a sites \/ dom\u00ednios espec\u00edficos. Para isso, o usu\u00e1rio deve consultar o aux\u00edlio de seu navegador. Abaixo est\u00e3o os links para as p\u00e1ginas de ajuda dos navegadores mais comuns para aprender sobre as configura\u00e7\u00f5es de cookies em cada um:<\/p>\n<ul>\n<li>Chrome: <a href=\"https:\/\/support.google.com\/chrome\/answer\/95647?hl=pt\">https:\/\/support.google.com\/chrome\/answer\/95647?hl=pt<\/a><\/li>\n<li>Explorer: <a href=\"https:\/\/support.microsoft.com\/pt-pt\/help\/17442\/windows-internet-explorer-delete-manage-cookies\">https:\/\/support.microsoft.com\/pt-pt\/help\/17442\/windows-internet-explorer-delete-manage-cookies<\/a><\/li>\n<li>Microsoft Edge: <a href=\"https:\/\/privacy.microsoft.com\/pt-pt\/windows-10-microsoft-edge-and-privacy\">https:\/\/privacy.microsoft.com\/pt-pt\/windows-10-microsoft-edge-and-privacy<\/a><\/li>\n<li>Firefox: <a href=\"https:\/\/support.mozilla.org\/pt-BR\/kb\/desative-cookies-terceiros-impedir-rastreamento\">https:\/\/support.mozilla.org\/pt-BR\/kb\/desative-cookies-terceiros-impedir-rastreamento<\/a><\/li>\n<li>Safari: <a href=\"https:\/\/support.apple.com\/pt-pt\/guide\/safari\/sfri11471\/mac\">https:\/\/support.apple.com\/pt-pt\/guide\/safari\/sfri11471\/mac<\/a><\/li>\n<li>Safari para IOS: <a href=\"https:\/\/support.apple.com\/pt-pt\/HT201265\">https:\/\/support.apple.com\/pt-pt\/HT201265<\/a><\/li>\n<li>Opera: <a href=\"http:\/\/www.opera.com\/pt\/help\">http:\/\/www.opera.com\/pt\/help<\/a><\/li>\n<\/ul>\t\t\t\t\t\t<\/div>\n\t\t\t\t<\/div>\n\t\t\t\t\t<\/div>\n\t\t<\/div>\n\t\t\t\t\t\t\t<\/div>\n\t\t<\/section>\n\t\t\t\t\t\t\t<\/div>","protected":false},"excerpt":{"rendered":"<p>Pol\u00edtica de cookies Este site utiliza cookies e tecnologias semelhantes para fornecer o servi\u00e7o, bem como permitir-nos melhor\u00e1-lo, atrav\u00e9s da obten\u00e7\u00e3o de estat\u00edsticas sobre a sua utiliza\u00e7\u00e3o, entre outros fins. A navega\u00e7\u00e3o neste site implica necessariamente a utiliza\u00e7\u00e3o de cookies e tecnologias semelhantes, desde que seja necess\u00e1rio para o seu funcionamento. Al\u00e9m disso, para determinados [&hellip;]<\/p>","protected":false},"author":1,"featured_media":0,"parent":0,"menu_order":0,"comment_status":"closed","ping_status":"closed","template":"","meta":{"om_disable_all_campaigns":false,"_monsterinsights_skip_tracking":false,"_monsterinsights_sitenote_active":false,"_monsterinsights_sitenote_note":"","_monsterinsights_sitenote_category":0,"footnotes":""},"class_list":["post-173","page","type-page","status-publish","hentry"],"aioseo_notices":[],"_links":{"self":[{"href":"https:\/\/timeless-perspective.com\/es\/wp-json\/wp\/v2\/pages\/173","targetHints":{"allow":["GET"]}}],"collection":[{"href":"https:\/\/timeless-perspective.com\/es\/wp-json\/wp\/v2\/pages"}],"about":[{"href":"https:\/\/timeless-perspective.com\/es\/wp-json\/wp\/v2\/types\/page"}],"author":[{"embeddable":true,"href":"https:\/\/timeless-perspective.com\/es\/wp-json\/wp\/v2\/users\/1"}],"replies":[{"embeddable":true,"href":"https:\/\/timeless-perspective.com\/es\/wp-json\/wp\/v2\/comments?post=173"}],"version-history":[{"count":0,"href":"https:\/\/timeless-perspective.com\/es\/wp-json\/wp\/v2\/pages\/173\/revisions"}],"wp:attachment":[{"href":"https:\/\/timeless-perspective.com\/es\/wp-json\/wp\/v2\/media?parent=173"}],"curies":[{"name":"wp","href":"https:\/\/api.w.org\/{rel}","templated":true}]}}